{"id":1522,"date":"2019-12-09T09:21:23","date_gmt":"2019-12-09T09:21:23","guid":{"rendered":"https:\/\/smartdata.tonytemplates.com\/electrician-v2\/demo3\/?page_id=1522"},"modified":"2021-02-15T10:01:26","modified_gmt":"2021-02-15T10:01:26","slug":"servicios","status":"publish","type":"page","link":"https:\/\/elecroma.com\/es\/servicios\/","title":{"rendered":"Servicios"},"content":{"rendered":"\t\t<div data-elementor-type=\"wp-page\" data-elementor-id=\"1522\" class=\"elementor elementor-1522\" data-elementor-settings=\"[]\">\n\t\t\t\t\t\t<div class=\"elementor-inner\">\n\t\t\t\t\t\t\t<div class=\"elementor-section-wrap\">\n\t\t\t\t\t\t\t<section class=\"elementor-section elementor-top-section elementor-element elementor-element-81d451f elementor-section-full_width elementor-section-stretched elementor-section-height-default elementor-section-height-default\" data-id=\"81d451f\" data-element_type=\"section\" data-settings=\"{&quot;stretch_section&quot;:&quot;section-stretched&quot;}\">\n\t\t\t\t\t\t<div class=\"elementor-container elementor-column-gap-no\">\n\t\t\t\t\t\t\t<div class=\"elementor-row\">\n\t\t\t\t\t<div class=\"elementor-column elementor-col-100 elementor-top-column elementor-element elementor-element-22bef41\" data-id=\"22bef41\" data-element_type=\"column\">\n\t\t\t<div class=\"elementor-column-wrap elementor-element-populated\">\n\t\t\t\t\t\t\t<div class=\"elementor-widget-wrap\">\n\t\t\t\t\t\t<div class=\"elementor-element elementor-element-364b012 elementor-widget elementor-widget-elec_our_services_page\" data-id=\"364b012\" data-element_type=\"widget\" data-widget_type=\"elec_our_services_page.default\">\n\t\t\t\t<div class=\"elementor-widget-container\">\n\t\t\t\n\t\t\t\t<div class=\"section-indent\">\n\t\t<div class=\"container container-md-fluid\">\n\t\t\t<div class=\"section-title max-width-01\">\n\t\t\t\t<div class=\"section-title__02\">Nuestros servicios <\/div>\n\t\t\t<\/div>\n\t\t\t<div id=\"filter-nav\">\n\t\t\t\t\t\t\t<ul>\n\t\t\t\t\t<li class=\"active\"><a class=\"gallery-navitem\" href=\"filter-all\">All<\/a><\/li>\n\t\t\t\t\t<li><a class=\"gallery-navitem\" href=\"\"><\/a><\/li><li><a class=\"gallery-navitem\" href=\"commercialservices\">commercial services<\/a><\/li>\t\t\t\t<\/ul>\n\t\t\t<\/div>\n\t\t\t<div id=\"filter-layout\" class=\"row justify-content-center tt-obj-wrapper\">\n\t\t\t\t\t\t\t<div class=\"col-sm-6 col-md-4 show filter-all \">\n\t\t\t\t\t<div class=\"tt-obj\">\n\t\t\t\t\t\t<div class=\"tt-obj__img\">\n\t\t\t\t\t\t<img width=\"500\" height=\"333\" src=\"https:\/\/elecroma.com\/wp-content\/uploads\/2020\/12\/fotovoltaicas.png\" class=\"attachment-full size-full\" alt=\"\" loading=\"lazy\" srcset=\"https:\/\/elecroma.com\/wp-content\/uploads\/2020\/12\/fotovoltaicas.png 500w, https:\/\/elecroma.com\/wp-content\/uploads\/2020\/12\/fotovoltaicas-300x200.png 300w\" sizes=\"(max-width: 500px) 100vw, 500px\" \/>\t\t\t\t\t\t<\/div>\n\t\t\t\t\t\t<div class=\"tt-obj__wrapper\">\n\t\t\t\t\t\t\t<div class=\"tt-obj__title\"><a href=\"\">Instalaci\u00f3n de Energ\u00edas Fotovoltaicas<\/a><\/div>\n\t\t\t\t\t\t\t<p>Realizaci\u00f3n de instalaciones fotovoltaicas tanto a nivel industrial como dom\u00e9stica, haciendo un estudio previo T\u00e9cnico-Econ\u00f3mico gratuito y personalizado, sin compromiso y seg\u00fan sus necesidades. <\/p>\n\t\t\t\t\t\t\t<div class=\"row-btn\">\n\t\t\t\t\t\t\t\t<a href=\"\" class=\"tt-link\">Read more<span class=\"icon-arrowhead-pointing-to-the-right-1\"><\/span><\/a>\n\t\t\t\t\t\t\t<\/div>\n\t\t\t\t\t\t<\/div>\n\t\t\t\t\t<\/div>\n\t\t\t\t<\/div>\n\t\t\t\t\t\t\t\t\t<div class=\"col-sm-6 col-md-4 show filter-all \">\n\t\t\t\t\t<div class=\"tt-obj\">\n\t\t\t\t\t\t<div class=\"tt-obj__img\">\n\t\t\t\t\t\t<img width=\"500\" height=\"333\" src=\"https:\/\/elecroma.com\/wp-content\/uploads\/2020\/12\/1-depuradoras.png\" class=\"attachment-full size-full\" alt=\"\" loading=\"lazy\" srcset=\"https:\/\/elecroma.com\/wp-content\/uploads\/2020\/12\/1-depuradoras.png 500w, https:\/\/elecroma.com\/wp-content\/uploads\/2020\/12\/1-depuradoras-300x200.png 300w\" sizes=\"(max-width: 500px) 100vw, 500px\" \/>\t\t\t\t\t\t<\/div>\n\t\t\t\t\t\t<div class=\"tt-obj__wrapper\">\n\t\t\t\t\t\t\t<div class=\"tt-obj__title\"><a href=\"\">Depuradoras<\/a><\/div>\n\t\t\t\t\t\t\t<p>Soluciones para las aguas residuales, dise\u00f1ando la mejor soluci\u00f3n posible ante cualquier problema de contaminaci\u00f3n de agua, realizando: plantas de tratamiento de aguas; urbanas; industriales; potabilizadoras; bombeos.<\/p>\n\t\t\t\t\t\t\t<div class=\"row-btn\">\n\t\t\t\t\t\t\t\t<a href=\"\" class=\"tt-link\">Read more<span class=\"icon-arrowhead-pointing-to-the-right-1\"><\/span><\/a>\n\t\t\t\t\t\t\t<\/div>\n\t\t\t\t\t\t<\/div>\n\t\t\t\t\t<\/div>\n\t\t\t\t<\/div>\n\t\t\t\t\t\t\t\t\t<div class=\"col-sm-6 col-md-4 show filter-all \">\n\t\t\t\t\t<div class=\"tt-obj\">\n\t\t\t\t\t\t<div class=\"tt-obj__img\">\n\t\t\t\t\t\t<img width=\"500\" height=\"334\" src=\"https:\/\/elecroma.com\/wp-content\/uploads\/2021\/01\/2-climatizacio\u0301n.png\" class=\"attachment-full size-full\" alt=\"\" loading=\"lazy\" srcset=\"https:\/\/elecroma.com\/wp-content\/uploads\/2021\/01\/2-climatizacio\u0301n.png 500w, https:\/\/elecroma.com\/wp-content\/uploads\/2021\/01\/2-climatizacio\u0301n-300x200.png 300w\" sizes=\"(max-width: 500px) 100vw, 500px\" \/>\t\t\t\t\t\t<\/div>\n\t\t\t\t\t\t<div class=\"tt-obj__wrapper\">\n\t\t\t\t\t\t\t<div class=\"tt-obj__title\"><a href=\"\">Climatizaci\u00f3n<\/a><\/div>\n\t\t\t\t\t\t\t<p>Instalaciones de climatizaci\u00f3n tanto industrial como dom\u00e9stica. Expertos en el montaje de aire acondicionado y calefacci\u00f3n, proporcionando a nuestros clientes un espacio que se encuentre siempre a la temperatura \u00f3ptima.<\/p>\n\t\t\t\t\t\t\t<div class=\"row-btn\">\n\t\t\t\t\t\t\t\t<a href=\"\" class=\"tt-link\">Read more<span class=\"icon-arrowhead-pointing-to-the-right-1\"><\/span><\/a>\n\t\t\t\t\t\t\t<\/div>\n\t\t\t\t\t\t<\/div>\n\t\t\t\t\t<\/div>\n\t\t\t\t<\/div>\n\t\t\t\t\t\t\t\t\t<div class=\"col-sm-6 col-md-4 show filter-all \">\n\t\t\t\t\t<div class=\"tt-obj\">\n\t\t\t\t\t\t<div class=\"tt-obj__img\">\n\t\t\t\t\t\t<img width=\"500\" height=\"308\" src=\"https:\/\/elecroma.com\/wp-content\/uploads\/2020\/12\/3-instalaciones-de-agua.png\" class=\"attachment-full size-full\" alt=\"\" loading=\"lazy\" srcset=\"https:\/\/elecroma.com\/wp-content\/uploads\/2020\/12\/3-instalaciones-de-agua.png 500w, https:\/\/elecroma.com\/wp-content\/uploads\/2020\/12\/3-instalaciones-de-agua-300x185.png 300w\" sizes=\"(max-width: 500px) 100vw, 500px\" \/>\t\t\t\t\t\t<\/div>\n\t\t\t\t\t\t<div class=\"tt-obj__wrapper\">\n\t\t\t\t\t\t\t<div class=\"tt-obj__title\"><a href=\"\">Instalaciones de agua<\/a><\/div>\n\t\t\t\t\t\t\t<p>Instalaciones de agua, especialistas en la realizaci\u00f3n de: reparaciones de fontaner\u00eda en general; calderas y calentadores el\u00e9ctricos; desag\u00fces; instalaciones de agua sanitaria; descalcificadores; grupos de presi\u00f3n.<\/p>\n\t\t\t\t\t\t\t<div class=\"row-btn\">\n\t\t\t\t\t\t\t\t<a href=\"\" class=\"tt-link\">Read more<span class=\"icon-arrowhead-pointing-to-the-right-1\"><\/span><\/a>\n\t\t\t\t\t\t\t<\/div>\n\t\t\t\t\t\t<\/div>\n\t\t\t\t\t<\/div>\n\t\t\t\t<\/div>\n\t\t\t\t\t\t\t\t\t<div class=\"col-sm-6 col-md-4 show filter-all \">\n\t\t\t\t\t<div class=\"tt-obj\">\n\t\t\t\t\t\t<div class=\"tt-obj__img\">\n\t\t\t\t\t\t<img width=\"500\" height=\"333\" src=\"https:\/\/elecroma.com\/wp-content\/uploads\/2020\/12\/10-intalaciones-de-luz_v2.png\" class=\"attachment-full size-full\" alt=\"\" loading=\"lazy\" srcset=\"https:\/\/elecroma.com\/wp-content\/uploads\/2020\/12\/10-intalaciones-de-luz_v2.png 500w, https:\/\/elecroma.com\/wp-content\/uploads\/2020\/12\/10-intalaciones-de-luz_v2-300x200.png 300w\" sizes=\"(max-width: 500px) 100vw, 500px\" \/>\t\t\t\t\t\t<\/div>\n\t\t\t\t\t\t<div class=\"tt-obj__wrapper\">\n\t\t\t\t\t\t\t<div class=\"tt-obj__title\"><a href=\"#\">Instalaciones de luz<\/a><\/div>\n\t\t\t\t\t\t\t<p>Ofrecemos diferentes tipos de instalaciones de luz en Barcelona, siendo los principales el alumbrado p\u00fablico, interior y decorativo.<\/p>\n\t\t\t\t\t\t\t<div class=\"row-btn\">\n\t\t\t\t\t\t\t\t<a href=\"#\" class=\"tt-link\">Read more<span class=\"icon-arrowhead-pointing-to-the-right-1\"><\/span><\/a>\n\t\t\t\t\t\t\t<\/div>\n\t\t\t\t\t\t<\/div>\n\t\t\t\t\t<\/div>\n\t\t\t\t<\/div>\n\t\t\t\t\t\t\t\t\t<div class=\"col-sm-6 col-md-4 show filter-all \">\n\t\t\t\t\t<div class=\"tt-obj\">\n\t\t\t\t\t\t<div class=\"tt-obj__img\">\n\t\t\t\t\t\t<img width=\"500\" height=\"333\" src=\"https:\/\/elecroma.com\/wp-content\/uploads\/2020\/12\/4-automatizaciones.png\" class=\"attachment-full size-full\" alt=\"\" loading=\"lazy\" srcset=\"https:\/\/elecroma.com\/wp-content\/uploads\/2020\/12\/4-automatizaciones.png 500w, https:\/\/elecroma.com\/wp-content\/uploads\/2020\/12\/4-automatizaciones-300x200.png 300w\" sizes=\"(max-width: 500px) 100vw, 500px\" \/>\t\t\t\t\t\t<\/div>\n\t\t\t\t\t\t<div class=\"tt-obj__wrapper\">\n\t\t\t\t\t\t\t<div class=\"tt-obj__title\"><a href=\"\">Automatizaciones<\/a><\/div>\n\t\t\t\t\t\t\t<p>Contamos con dos tipos de automatizaciones: sistemas de l\u00f3gica programable (PLC), aplicaciones de supervisi\u00f3n (SCADA\/HMI) y comunicaciones.<\/p>\n\t\t\t\t\t\t\t<div class=\"row-btn\">\n\t\t\t\t\t\t\t\t<a href=\"\" class=\"tt-link\">Read more<span class=\"icon-arrowhead-pointing-to-the-right-1\"><\/span><\/a>\n\t\t\t\t\t\t\t<\/div>\n\t\t\t\t\t\t<\/div>\n\t\t\t\t\t<\/div>\n\t\t\t\t<\/div>\n\t\t\t\t\t\t\t\t\t<div class=\"col-sm-6 col-md-4 show filter-all \">\n\t\t\t\t\t<div class=\"tt-obj\">\n\t\t\t\t\t\t<div class=\"tt-obj__img\">\n\t\t\t\t\t\t<img width=\"500\" height=\"333\" src=\"https:\/\/elecroma.com\/wp-content\/uploads\/2020\/12\/5-redes-informaticas.png\" class=\"attachment-full size-full\" alt=\"\" loading=\"lazy\" srcset=\"https:\/\/elecroma.com\/wp-content\/uploads\/2020\/12\/5-redes-informaticas.png 500w, https:\/\/elecroma.com\/wp-content\/uploads\/2020\/12\/5-redes-informaticas-300x200.png 300w\" sizes=\"(max-width: 500px) 100vw, 500px\" \/>\t\t\t\t\t\t<\/div>\n\t\t\t\t\t\t<div class=\"tt-obj__wrapper\">\n\t\t\t\t\t\t\t<div class=\"tt-obj__title\"><a href=\"\">Redes inform\u00e1ticas<\/a><\/div>\n\t\t\t\t\t\t\t<p>Instalaci\u00f3n de todo el cableado partiendo del rack hasta cada punto inform\u00e1tico en las diferentes categor\u00edas, siempre atendiendo las necesidades espec\u00edficas de cada cliente.<\/p>\n\t\t\t\t\t\t\t<div class=\"row-btn\">\n\t\t\t\t\t\t\t\t<a href=\"\" class=\"tt-link\">Read more<span class=\"icon-arrowhead-pointing-to-the-right-1\"><\/span><\/a>\n\t\t\t\t\t\t\t<\/div>\n\t\t\t\t\t\t<\/div>\n\t\t\t\t\t<\/div>\n\t\t\t\t<\/div>\n\t\t\t\t\t\t\t\t\t<div class=\"col-sm-6 col-md-4 show filter-all \">\n\t\t\t\t\t<div class=\"tt-obj\">\n\t\t\t\t\t\t<div class=\"tt-obj__img\">\n\t\t\t\t\t\t<img width=\"500\" height=\"333\" src=\"https:\/\/elecroma.com\/wp-content\/uploads\/2020\/12\/6-realizacion-de-proyectos.png\" class=\"attachment-full size-full\" alt=\"\" loading=\"lazy\" srcset=\"https:\/\/elecroma.com\/wp-content\/uploads\/2020\/12\/6-realizacion-de-proyectos.png 500w, https:\/\/elecroma.com\/wp-content\/uploads\/2020\/12\/6-realizacion-de-proyectos-300x200.png 300w\" sizes=\"(max-width: 500px) 100vw, 500px\" \/>\t\t\t\t\t\t<\/div>\n\t\t\t\t\t\t<div class=\"tt-obj__wrapper\">\n\t\t\t\t\t\t\t<div class=\"tt-obj__title\"><a href=\"\">Realizaci\u00f3n de proyectos<\/a><\/div>\n\t\t\t\t\t\t\t<p>Realizaci\u00f3n de todo tipo de proyectos para la legalizaci\u00f3n de las instalaciones, realizando todos los tr\u00e1mites y documentaci\u00f3n necesarios.<\/p>\n\t\t\t\t\t\t\t<div class=\"row-btn\">\n\t\t\t\t\t\t\t\t<a href=\"\" class=\"tt-link\">Read more<span class=\"icon-arrowhead-pointing-to-the-right-1\"><\/span><\/a>\n\t\t\t\t\t\t\t<\/div>\n\t\t\t\t\t\t<\/div>\n\t\t\t\t\t<\/div>\n\t\t\t\t<\/div>\n\t\t\t\t\t\t\t\t\t<div class=\"col-sm-6 col-md-4 show filter-all \">\n\t\t\t\t\t<div class=\"tt-obj\">\n\t\t\t\t\t\t<div class=\"tt-obj__img\">\n\t\t\t\t\t\t<img width=\"500\" height=\"333\" src=\"https:\/\/elecroma.com\/wp-content\/uploads\/2020\/12\/7-parking_v2.png\" class=\"attachment-full size-full\" alt=\"\" loading=\"lazy\" srcset=\"https:\/\/elecroma.com\/wp-content\/uploads\/2020\/12\/7-parking_v2.png 500w, https:\/\/elecroma.com\/wp-content\/uploads\/2020\/12\/7-parking_v2-300x200.png 300w\" sizes=\"(max-width: 500px) 100vw, 500px\" \/>\t\t\t\t\t\t<\/div>\n\t\t\t\t\t\t<div class=\"tt-obj__wrapper\">\n\t\t\t\t\t\t\t<div class=\"tt-obj__title\"><a href=\"\">Instalaciones el\u00e9ctricas en Parkings<\/a><\/div>\n\t\t\t\t\t\t\t<p>Expertos en instalaciones el\u00e9ctricas en Parkings de Barcelona. Trabajamos tanto para centros comerciales, aeropuertos y empresas privadas de cualquier tipo. <\/p>\n\t\t\t\t\t\t\t<div class=\"row-btn\">\n\t\t\t\t\t\t\t\t<a href=\"\" class=\"tt-link\">Read more<span class=\"icon-arrowhead-pointing-to-the-right-1\"><\/span><\/a>\n\t\t\t\t\t\t\t<\/div>\n\t\t\t\t\t\t<\/div>\n\t\t\t\t\t<\/div>\n\t\t\t\t<\/div>\n\t\t\t\t\t\t\t\t\t<div class=\"col-sm-6 col-md-4 show filter-all \">\n\t\t\t\t\t<div class=\"tt-obj\">\n\t\t\t\t\t\t<div class=\"tt-obj__img\">\n\t\t\t\t\t\t<img width=\"500\" height=\"300\" src=\"https:\/\/elecroma.com\/wp-content\/uploads\/2021\/01\/10-intalaciones-de-luz_v3.png\" class=\"attachment-full size-full\" alt=\"\" loading=\"lazy\" srcset=\"https:\/\/elecroma.com\/wp-content\/uploads\/2021\/01\/10-intalaciones-de-luz_v3.png 500w, https:\/\/elecroma.com\/wp-content\/uploads\/2021\/01\/10-intalaciones-de-luz_v3-300x180.png 300w\" sizes=\"(max-width: 500px) 100vw, 500px\" \/>\t\t\t\t\t\t<\/div>\n\t\t\t\t\t\t<div class=\"tt-obj__wrapper\">\n\t\t\t\t\t\t\t<div class=\"tt-obj__title\"><a href=\"\">Industrias en general<\/a><\/div>\n\t\t\t\t\t\t\t<p>Trabajamos y ofrecemos servicios industriales y su mantenimiento. Entre ellos se encuentran naves industriales y oficinas, instalaciones deportivas, edificios antiguos, bares y restaurantes, centros de d\u00eda y rehabilitaci\u00f3n, viviendas, y un largo etc\u00e9tera.<\/p>\n\t\t\t\t\t\t\t<div class=\"row-btn\">\n\t\t\t\t\t\t\t\t<a href=\"\" class=\"tt-link\">Read more<span class=\"icon-arrowhead-pointing-to-the-right-1\"><\/span><\/a>\n\t\t\t\t\t\t\t<\/div>\n\t\t\t\t\t\t<\/div>\n\t\t\t\t\t<\/div>\n\t\t\t\t<\/div>\n\t\t\t\t\t\t\t\t\t<div class=\"col-sm-6 col-md-4 show filter-all \">\n\t\t\t\t\t<div class=\"tt-obj\">\n\t\t\t\t\t\t<div class=\"tt-obj__img\">\n\t\t\t\t\t\t<img width=\"500\" height=\"281\" src=\"https:\/\/elecroma.com\/wp-content\/uploads\/2020\/12\/9-cuadros-electricos.png\" class=\"attachment-full size-full\" alt=\"\" loading=\"lazy\" srcset=\"https:\/\/elecroma.com\/wp-content\/uploads\/2020\/12\/9-cuadros-electricos.png 500w, https:\/\/elecroma.com\/wp-content\/uploads\/2020\/12\/9-cuadros-electricos-300x169.png 300w\" sizes=\"(max-width: 500px) 100vw, 500px\" \/>\t\t\t\t\t\t<\/div>\n\t\t\t\t\t\t<div class=\"tt-obj__wrapper\">\n\t\t\t\t\t\t\t<div class=\"tt-obj__title\"><a href=\"\">Armarios y cuadros el\u00e9ctricos<\/a><\/div>\n\t\t\t\t\t\t\t<p>Realizaci\u00f3n de todo tipo de armarios y cuadros el\u00e9ctricos seg\u00fan requerimientos de cliente. Entrar\u00edan en esta categor\u00eda los automatismos, centralizaciones de contadores, distribuci\u00f3n, etc.<\/p>\n\t\t\t\t\t\t\t<div class=\"row-btn\">\n\t\t\t\t\t\t\t\t<a href=\"\" class=\"tt-link\">Read more<span class=\"icon-arrowhead-pointing-to-the-right-1\"><\/span><\/a>\n\t\t\t\t\t\t\t<\/div>\n\t\t\t\t\t\t<\/div>\n\t\t\t\t\t<\/div>\n\t\t\t\t<\/div>\n\t\t\t\t\t\t\t\t\t<div class=\"col-sm-6 col-md-4 show filter-all commercialservices\">\n\t\t\t\t\t<div class=\"tt-obj\">\n\t\t\t\t\t\t<div class=\"tt-obj__img\">\n\t\t\t\t\t\t<img width=\"1000\" height=\"667\" src=\"https:\/\/elecroma.com\/wp-content\/uploads\/2021\/02\/businessman-using-laptop-while-looking-invoice.jpg\" class=\"attachment-full size-full\" alt=\"\" loading=\"lazy\" srcset=\"https:\/\/elecroma.com\/wp-content\/uploads\/2021\/02\/businessman-using-laptop-while-looking-invoice.jpg 1000w, https:\/\/elecroma.com\/wp-content\/uploads\/2021\/02\/businessman-using-laptop-while-looking-invoice-300x200.jpg 300w, https:\/\/elecroma.com\/wp-content\/uploads\/2021\/02\/businessman-using-laptop-while-looking-invoice-768x512.jpg 768w, https:\/\/elecroma.com\/wp-content\/uploads\/2021\/02\/businessman-using-laptop-while-looking-invoice-736x491.jpg 736w\" sizes=\"(max-width: 1000px) 100vw, 1000px\" \/>\t\t\t\t\t\t<\/div>\n\t\t\t\t\t\t<div class=\"tt-obj__wrapper\">\n\t\t\t\t\t\t\t<div class=\"tt-obj__title\"><a href=\"#\">Cambio de energ\u00e9tica<\/a><\/div>\n\t\t\t\t\t\t\t<p>\u00bfQuieres ahorrar en la factura de la luz? Nosotros confeccionamos un estudio personalizado para ver qu\u00e9 energ\u00e9tica se adapta mejor a ti, en t\u00e9rminos de precios y servicios.<\/p>\n\t\t\t\t\t\t\t<div class=\"row-btn\">\n\t\t\t\t\t\t\t\t<a href=\"#\" class=\"tt-link\">Read more<span class=\"icon-arrowhead-pointing-to-the-right-1\"><\/span><\/a>\n\t\t\t\t\t\t\t<\/div>\n\t\t\t\t\t\t<\/div>\n\t\t\t\t\t<\/div>\n\t\t\t\t<\/div>\n\t\t\t\t\t\t\t\t\n\t\t\t<\/div>\n\t\t\t<div class=\"text-center tt-top-more02\">\n\t\t\t\t<a href=\"#\" data-toggle=\"modal\" data-target=\"#modalMakeAppointment\" class=\"tt-btn btn__color01\"><span class=\"icon-lightning\"><\/span>Shedule for Service<\/a>\n\t\t\t<\/div>\n\t\t<\/div>\n\t<\/div>\n\t\t\t\t\t\t<\/div>\n\t\t\t\t<\/div>\n\t\t\t\t\t\t<\/div>\n\t\t\t\t\t<\/div>\n\t\t<\/div>\n\t\t\t\t\t\t\t\t<\/div>\n\t\t\t\t\t<\/div>\n\t\t<\/section>\n\t\t\t\t<section class=\"elementor-section elementor-top-section elementor-element elementor-element-d9a96f7 elementor-section-boxed elementor-section-height-default elementor-section-height-default\" data-id=\"d9a96f7\" data-element_type=\"section\">\n\t\t\t\t\t\t<div class=\"elementor-container elementor-column-gap-default\">\n\t\t\t\t\t\t\t<div class=\"elementor-row\">\n\t\t\t\t\t<div class=\"elementor-column elementor-col-100 elementor-top-column elementor-element elementor-element-e5b9d13\" data-id=\"e5b9d13\" data-element_type=\"column\">\n\t\t\t<div class=\"elementor-column-wrap elementor-element-populated\">\n\t\t\t\t\t\t\t<div class=\"elementor-widget-wrap\">\n\t\t\t\t\t\t<div class=\"elementor-element elementor-element-3418381 elementor-widget elementor-widget-template\" data-id=\"3418381\" data-element_type=\"widget\" data-widget_type=\"template.default\">\n\t\t\t\t<div class=\"elementor-widget-container\">\n\t\t\t\t\t<div class=\"elementor-template\">\n\t\t\t\t\t<div data-elementor-type=\"section\" data-elementor-id=\"2589\" class=\"elementor elementor-2589\" data-elementor-settings=\"[]\">\n\t\t<div class=\"elementor-section-wrap\">\n\t\t\t\t\t<section class=\"elementor-section elementor-top-section elementor-element elementor-element-51992f9c elementor-section-stretched elementor-section-full_width elementor-section-height-default elementor-section-height-default\" data-id=\"51992f9c\" data-element_type=\"section\" data-settings=\"{&quot;stretch_section&quot;:&quot;section-stretched&quot;}\">\n\t\t\t\t\t\t<div class=\"elementor-container elementor-column-gap-no\">\n\t\t\t\t\t\t\t<div class=\"elementor-row\">\n\t\t\t\t\t<div class=\"elementor-column elementor-col-100 elementor-top-column elementor-element elementor-element-57d88173\" data-id=\"57d88173\" data-element_type=\"column\">\n\t\t\t<div class=\"elementor-column-wrap elementor-element-populated\">\n\t\t\t\t\t\t\t<div class=\"elementor-widget-wrap\">\n\t\t\t\t\t\t<div class=\"elementor-element elementor-element-2be059f2 elementor-widget elementor-widget-ele_banner_1\" data-id=\"2be059f2\" data-element_type=\"widget\" data-widget_type=\"ele_banner_1.default\">\n\t\t\t\t<div class=\"elementor-widget-container\">\n\t\t\t\t\t\t\t<div class=\"section-indent\">\n\t\t\t<div class=\"tt-box01 js-init-bg lazyload\" data-bg=\"https:\/\/elecroma.com\/wp-content\/uploads\/2020\/12\/box01-bg-desktop.jpg\">\n\t\t\t\t<div class=\"container\">\n\t\t\t\t\t<div class=\"tt-box01__holder\">\n\t\t\t\t\t\t<div class=\"tt-box01__description\">\n\t\t\t\t\t\t\t<h4 class=\"tt-box01__title\">\n\t\t\t\t\t\t\tNecesitas <span class=\"tt-base-color\">ayuda<\/span><br> con el mantenimiento<br> El\u00e9ctrico? \n\t\t\t\t\t\t\t<\/h4>\n\t\t\t\t\t\t\t<p>\n\t\t\t\t\t\t\tNuestra amplia experiencia y nuestros clientes nos avalan. \u00a1Ll\u00e1manos hoy o escr\u00edbenos para pedir presupuesto!\n\t\t\t\t\t\t<\/p>\t\t\t\t\t\t\t<\/p>\n\t\t\t\t\t\t\t<div class=\"tt-row-btn\">\n\t\t\t\t\t\t\t\n\n\t\t\t\t\t\t\t\t<a class=\"tt-btn btn__color02\" data-toggle=\"modal\" data-target=\"#modalMakeAppointment\" href=\"#\"><span class=\"icon-lightning\"><\/span>\u00bfTe llamamos?<\/a>\n\n\n\t\t\t\t\t\t\t<\/div>\n\t\t\t\t\t\t<\/div>\n\t\t\t\t\t<\/div>\n\t\t\t\t<\/div>\n\t\t\t<\/div>\n\t\t<\/div>\n\t\t\t\t\t\t<\/div>\n\t\t\t\t<\/div>\n\t\t\t\t\t\t<\/div>\n\t\t\t\t\t<\/div>\n\t\t<\/div>\n\t\t\t\t\t\t\t\t<\/div>\n\t\t\t\t\t<\/div>\n\t\t<\/section>\n\t\t\t\t<\/div>\n\t\t<\/div>\n\t\t\t\t<\/div>\n\t\t\t\t<\/div>\n\t\t\t\t<\/div>\n\t\t\t\t\t\t<\/div>\n\t\t\t\t\t<\/div>\n\t\t<\/div>\n\t\t\t\t\t\t\t\t<\/div>\n\t\t\t\t\t<\/div>\n\t\t<\/section>\n\t\t\t\t\t\t<\/div>\n\t\t\t\t\t\t<\/div>\n\t\t\t\t\t<\/div>\n\t\t","protected":false},"excerpt":{"rendered":"<p>Nuestros servicios All commercial services Instalaci\u00f3n de Energ\u00edas Fotovoltaicas Realizaci\u00f3n de instalaciones fotovoltaicas tanto a nivel industrial como dom\u00e9stica, haciendo un estudio previo T\u00e9cnico-Econ\u00f3mico gratuito y personalizado, sin compromiso y seg\u00fan sus necesidades. Read more Depuradoras Soluciones para las aguas residuales, dise\u00f1ando la mejor soluci\u00f3n posible ante cualquier problema de contaminaci\u00f3n de agua, realizando: plantas [&hellip;]<\/p>\n","protected":false},"author":1,"featured_media":0,"parent":0,"menu_order":1,"comment_status":"closed","ping_status":"closed","template":"","meta":[],"yoast_head":"<!-- This site is optimized with the Yoast SEO plugin v15.7 - https:\/\/yoast.com\/wordpress\/plugins\/seo\/ -->\n<title>Servicios - Instalaciones El\u00e9ctricas Industriales<\/title>\n<meta name=\"robots\" content=\"index, follow, max-snippet:-1, max-image-preview:large, max-video-preview:-1\" \/>\n<link rel=\"canonical\" href=\"https:\/\/elecroma.com\/es\/servicios\/\" \/>\n<meta property=\"og:locale\" content=\"es_ES\" \/>\n<meta property=\"og:type\" content=\"article\" \/>\n<meta property=\"og:title\" content=\"Servicios - Instalaciones El\u00e9ctricas Industriales\" \/>\n<meta property=\"og:description\" content=\"Nuestros servicios All commercial services Instalaci\u00f3n de Energ\u00edas Fotovoltaicas Realizaci\u00f3n de instalaciones fotovoltaicas tanto a nivel industrial como dom\u00e9stica, haciendo un estudio previo T\u00e9cnico-Econ\u00f3mico gratuito y personalizado, sin compromiso y seg\u00fan sus necesidades. Read more Depuradoras Soluciones para las aguas residuales, dise\u00f1ando la mejor soluci\u00f3n posible ante cualquier problema de contaminaci\u00f3n de agua, realizando: plantas [&hellip;]\" \/>\n<meta property=\"og:url\" content=\"https:\/\/elecroma.com\/es\/servicios\/\" \/>\n<meta property=\"og:site_name\" content=\"Instalaciones El\u00e9ctricas Industriales\" \/>\n<meta property=\"article:modified_time\" content=\"2021-02-15T10:01:26+00:00\" \/>\n<meta property=\"og:image\" content=\"https:\/\/elecroma.com\/wp-content\/uploads\/2020\/12\/fotovoltaicas.png\" \/>\n<meta name=\"twitter:card\" content=\"summary_large_image\" \/>\n<meta name=\"twitter:label1\" content=\"Tiempo de lectura\">\n\t<meta name=\"twitter:data1\" content=\"5 minutos\">\n<script type=\"application\/ld+json\" class=\"yoast-schema-graph\">{\"@context\":\"https:\/\/schema.org\",\"@graph\":[{\"@type\":\"Organization\",\"@id\":\"https:\/\/elecroma.com\/#organization\",\"name\":\"Electricidad Roma S.L.\",\"url\":\"https:\/\/elecroma.com\/\",\"sameAs\":[],\"logo\":{\"@type\":\"ImageObject\",\"@id\":\"https:\/\/elecroma.com\/#logo\",\"inLanguage\":\"es\",\"url\":\"https:\/\/elecroma.com\/wp-content\/uploads\/2020\/11\/elecroma.jpeg\",\"width\":1126,\"height\":383,\"caption\":\"Electricidad Roma S.L.\"},\"image\":{\"@id\":\"https:\/\/elecroma.com\/#logo\"}},{\"@type\":\"WebSite\",\"@id\":\"https:\/\/elecroma.com\/#website\",\"url\":\"https:\/\/elecroma.com\/\",\"name\":\"Instalaciones El\\u00e9ctricas Industriales\",\"description\":\"Otro sitio realizado con WordPress\",\"publisher\":{\"@id\":\"https:\/\/elecroma.com\/#organization\"},\"potentialAction\":[{\"@type\":\"SearchAction\",\"target\":\"https:\/\/elecroma.com\/?s={search_term_string}\",\"query-input\":\"required name=search_term_string\"}],\"inLanguage\":\"es\"},{\"@type\":\"ImageObject\",\"@id\":\"https:\/\/elecroma.com\/es\/servicios\/#primaryimage\",\"inLanguage\":\"es\",\"url\":\"https:\/\/elecroma.com\/wp-content\/uploads\/2020\/12\/fotovoltaicas.png\",\"width\":500,\"height\":333},{\"@type\":\"WebPage\",\"@id\":\"https:\/\/elecroma.com\/es\/servicios\/#webpage\",\"url\":\"https:\/\/elecroma.com\/es\/servicios\/\",\"name\":\"Servicios - Instalaciones El\\u00e9ctricas Industriales\",\"isPartOf\":{\"@id\":\"https:\/\/elecroma.com\/#website\"},\"primaryImageOfPage\":{\"@id\":\"https:\/\/elecroma.com\/es\/servicios\/#primaryimage\"},\"datePublished\":\"2019-12-09T09:21:23+00:00\",\"dateModified\":\"2021-02-15T10:01:26+00:00\",\"inLanguage\":\"es\",\"potentialAction\":[{\"@type\":\"ReadAction\",\"target\":[\"https:\/\/elecroma.com\/es\/servicios\/\"]}]}]}<\/script>\n<!-- \/ Yoast SEO plugin. -->","_links":{"self":[{"href":"https:\/\/elecroma.com\/es\/wp-json\/wp\/v2\/pages\/1522"}],"collection":[{"href":"https:\/\/elecroma.com\/es\/wp-json\/wp\/v2\/pages"}],"about":[{"href":"https:\/\/elecroma.com\/es\/wp-json\/wp\/v2\/types\/page"}],"author":[{"embeddable":true,"href":"https:\/\/elecroma.com\/es\/wp-json\/wp\/v2\/users\/1"}],"replies":[{"embeddable":true,"href":"https:\/\/elecroma.com\/es\/wp-json\/wp\/v2\/comments?post=1522"}],"version-history":[{"count":47,"href":"https:\/\/elecroma.com\/es\/wp-json\/wp\/v2\/pages\/1522\/revisions"}],"predecessor-version":[{"id":3430,"href":"https:\/\/elecroma.com\/es\/wp-json\/wp\/v2\/pages\/1522\/revisions\/3430"}],"wp:attachment":[{"href":"https:\/\/elecroma.com\/es\/wp-json\/wp\/v2\/media?parent=1522"}],"curies":[{"name":"wp","href":"https:\/\/api.w.org\/{rel}","templated":true}]}}