{"id":14,"date":"2016-11-12T05:58:27","date_gmt":"2016-11-12T05:58:27","guid":{"rendered":"http:\/\/localhost\/wp-themes\/electrician\/?page_id=14"},"modified":"2021-01-27T19:21:01","modified_gmt":"2021-01-27T19:21:01","slug":"contacto","status":"publish","type":"page","link":"https:\/\/elecroma.com\/es\/contacto\/","title":{"rendered":"Contacto"},"content":{"rendered":"\t\t<div data-elementor-type=\"wp-page\" data-elementor-id=\"14\" class=\"elementor elementor-14\" data-elementor-settings=\"[]\">\n\t\t\t\t\t\t<div class=\"elementor-inner\">\n\t\t\t\t\t\t\t<div class=\"elementor-section-wrap\">\n\t\t\t\t\t\t\t<section class=\"elementor-section elementor-top-section elementor-element elementor-element-824edba elementor-section-stretched elementor-section-full_width elementor-section-height-default elementor-section-height-default\" data-id=\"824edba\" data-element_type=\"section\" data-settings=\"{&quot;stretch_section&quot;:&quot;section-stretched&quot;}\">\n\t\t\t\t\t\t<div class=\"elementor-container elementor-column-gap-no\">\n\t\t\t\t\t\t\t<div class=\"elementor-row\">\n\t\t\t\t\t<div class=\"elementor-column elementor-col-100 elementor-top-column elementor-element elementor-element-b635ea2\" data-id=\"b635ea2\" data-element_type=\"column\">\n\t\t\t<div class=\"elementor-column-wrap elementor-element-populated\">\n\t\t\t\t\t\t\t<div class=\"elementor-widget-wrap\">\n\t\t\t\t\t\t<div class=\"elementor-element elementor-element-0eb50e4 elementor-widget elementor-widget-text-editor\" data-id=\"0eb50e4\" data-element_type=\"widget\" data-widget_type=\"text-editor.default\">\n\t\t\t\t<div class=\"elementor-widget-container\">\n\t\t\t\t\t<div class=\"elementor-text-editor elementor-clearfix\"><div class=\"mapouter\">\n<div class=\"gmap_canvas\"><iframe src=\"https:\/\/www.google.com\/maps\/embed?pb=!1m18!1m12!1m3!1d2994.7004694037532!2d2.095752715445566!3d41.358863805725726!2m3!1f0!2f0!3f0!3m2!1i1024!2i768!4f13.1!3m3!1m2!1s0x12a499230f08413d%3A0xdfe6494364720fb1!2sCarrer%20de%20Sant%20Roc%2C%2012%2C%2008901%20L&#039;Hospitalet%20de%20Llobregat%2C%20Barcelona!5e0!3m2!1ses!2ses!4v1607425916852!5m2!1ses!2ses\" width=\"600\" height=\"450\" frameborder=\"0\" style=\"border:0\" allowfullscreen=\"\"><\/iframe><\/div>\n<\/div>\n<\/div>\n\t\t\t\t<\/div>\n\t\t\t\t<\/div>\n\t\t\t\t\t\t<\/div>\n\t\t\t\t\t<\/div>\n\t\t<\/div>\n\t\t\t\t\t\t\t\t<\/div>\n\t\t\t\t\t<\/div>\n\t\t<\/section>\n\t\t\t\t<section class=\"elementor-section elementor-top-section elementor-element elementor-element-d184240 elementor-section-stretched elementor-section-full_width elementor-section-height-default elementor-section-height-default\" data-id=\"d184240\" data-element_type=\"section\" data-settings=\"{&quot;stretch_section&quot;:&quot;section-stretched&quot;}\">\n\t\t\t\t\t\t<div class=\"elementor-container elementor-column-gap-no\">\n\t\t\t\t\t\t\t<div class=\"elementor-row\">\n\t\t\t\t\t<div class=\"elementor-column elementor-col-100 elementor-top-column elementor-element elementor-element-e5199d1\" data-id=\"e5199d1\" data-element_type=\"column\">\n\t\t\t<div class=\"elementor-column-wrap elementor-element-populated\">\n\t\t\t\t\t\t\t<div class=\"elementor-widget-wrap\">\n\t\t\t\t\t\t<div class=\"elementor-element elementor-element-8facb6e elementor-widget elementor-widget-electrician_contact_info\" data-id=\"8facb6e\" data-element_type=\"widget\" data-widget_type=\"electrician_contact_info.default\">\n\t\t\t\t<div class=\"elementor-widget-container\">\n\t\t\t <div class=\"section-indent-extra\">\n\t\t<div class=\"container container-lg-fluid\">\n\t\t\t<div class=\"section__wrapper02 tt-contact-wrapper\">\n\t\t\t\t<div class=\"row justify-content-center\">\n\t\t\t\t \t\t\t\t\t  <div class=\"col-sm-6 col-md-4\">\n  <div class=\"tt-contact\">\n\t<div class=\"tt-icon\">\n\t\t\t\t\t\t<i aria-hidden=\"true\" class=\" icon-map-marker\"><\/i>\t<\/div>\n\t<div class=\"tt-content\">\n\t  <div class=\"tt-title\">Direcci\u00f3n:<\/div>\n\t\t\t\t\t\t<address>\t\t\t\t\t\t\t\t Sant Roc 12 baixos,<br \/> 08901, L'Hospitalet de Llobregat\n<\/address>\t<\/div>\n  <\/div>\n<\/div> \t\t\t\t\t  <div class=\"col-sm-6 col-md-4\">\n  <div class=\"tt-contact\">\n\t<div class=\"tt-icon\">\n\t\t\t\t\t\t<i aria-hidden=\"true\" class=\" icon-clock-circular-outline-1\"><\/i>\t<\/div>\n\t<div class=\"tt-content\">\n\t  <div class=\"tt-title\">Horario laboral:<\/div>\n\t\t\t\t\t\tLun-Vier 08:00 AM - 18:00 PM<br>\t<\/div>\n  <\/div>\n<\/div> \t\t\t\t\t  <div class=\"col-sm-6 col-md-4\">\n  <div class=\"tt-contact\">\n\t<div class=\"tt-icon\">\n\t\t\t\t\t\t<i aria-hidden=\"true\" class=\" icon-telephone\"><\/i>\t<\/div>\n\t<div class=\"tt-content\">\n\t  <div class=\"tt-title\">N\u00famero de tel\u00e9fono:<\/div>\n\t\t\t\t\t\t<address>\n<a href=\"tel:649 426 138\">649 426 138<\/a><br \/>\t\t\t\t\t\t\t\t<a href=\"tel:933 389 941\">933 389 941<\/a>\t\t\t\t\t\t\t<\/address>\t<\/div>\n  <\/div>\n<\/div>  \n\t\t\t\t\t\t\t\t\t\n\t\t\t\t<\/div>\n\t\t\t<\/div>\n\t\t<\/div>\n\t<\/div> \n\t\t\t\t<\/div>\n\t\t\t\t<\/div>\n\t\t\t\t\t\t<\/div>\n\t\t\t\t\t<\/div>\n\t\t<\/div>\n\t\t\t\t\t\t\t\t<\/div>\n\t\t\t\t\t<\/div>\n\t\t<\/section>\n\t\t\t\t<section class=\"elementor-section elementor-top-section elementor-element elementor-element-56b8458 elementor-section-stretched elementor-section-full_width elementor-section-height-default elementor-section-height-default\" data-id=\"56b8458\" data-element_type=\"section\" data-settings=\"{&quot;stretch_section&quot;:&quot;section-stretched&quot;}\">\n\t\t\t\t\t\t<div class=\"elementor-container elementor-column-gap-no\">\n\t\t\t\t\t\t\t<div class=\"elementor-row\">\n\t\t\t\t\t<div class=\"elementor-column elementor-col-100 elementor-top-column elementor-element elementor-element-56c6d90\" data-id=\"56c6d90\" data-element_type=\"column\">\n\t\t\t<div class=\"elementor-column-wrap elementor-element-populated\">\n\t\t\t\t\t\t\t<div class=\"elementor-widget-wrap\">\n\t\t\t\t\t\t<div class=\"elementor-element elementor-element-f6a15fe elementor-widget elementor-widget-electrician_contact_form\" data-id=\"f6a15fe\" data-element_type=\"widget\" data-widget_type=\"electrician_contact_form.default\">\n\t\t\t\t<div class=\"elementor-widget-container\">\n\t\t\t <div class=\"section-indent\">\n\t<div class=\"container container-md-fluid\">\n\t\t<div class=\"section-title max-width-01\">\n\t\t\t<div class=\"section-title__01\">Formulario de contacto<\/div>\n\t\t\t<div class=\"section-title__02\">Ponte en contacto con nosotros<\/div>\n\t\t\t\t\t<div class=\"section-title__03\">\n\t\t\tSi tienes cualquier duda o quieres que charlemos. Rellena el formulario con los datos correspondientes y nos pondremos en contacto contigo lo antes posible.\t\t\t<\/div>\n\t\t\t\t<\/div>\n\t\t<div class=\"row justify-content-center\">\n\t\t\t<div class=\"col-md-8\">\n\t\t<div role=\"form\" class=\"wpcf7\" id=\"wpcf7-f2256-o1\" lang=\"en-US\" dir=\"ltr\">\n<div class=\"screen-reader-response\"><p role=\"status\" aria-live=\"polite\" aria-atomic=\"true\"><\/p> <ul><\/ul><\/div>\n<form action=\"\/es\/wp-json\/wp\/v2\/pages\/14#wpcf7-f2256-o1\" method=\"post\" class=\"wpcf7-form init\" novalidate=\"novalidate\" data-status=\"init\">\n<div style=\"display: none;\">\n<input type=\"hidden\" name=\"_wpcf7\" value=\"2256\" \/>\n<input type=\"hidden\" name=\"_wpcf7_version\" value=\"5.3.2\" \/>\n<input type=\"hidden\" name=\"_wpcf7_locale\" value=\"en_US\" \/>\n<input type=\"hidden\" name=\"_wpcf7_unit_tag\" value=\"wpcf7-f2256-o1\" \/>\n<input type=\"hidden\" name=\"_wpcf7_container_post\" value=\"0\" \/>\n<input type=\"hidden\" name=\"_wpcf7_posted_data_hash\" value=\"\" \/>\n<input type=\"hidden\" name=\"_wpcf7_recaptcha_response\" value=\"\" \/>\n<\/div>\n<div class=\"form-default\">\n<div class=\"form-group\"><span class=\"wpcf7-form-control-wrap your-name\"><input type=\"text\" name=\"your-name\" value=\"\" size=\"40\" class=\"wpcf7-form-control wpcf7-text wpcf7-validates-as-required form-control\" aria-required=\"true\" aria-invalid=\"false\" placeholder=\"Nombre *\" \/><\/span><\/div>\n<div class=\"row\">\n<div class=\"col-md-6\">\n<div class=\"form-group\"><span class=\"wpcf7-form-control-wrap your-email\"><input type=\"email\" name=\"your-email\" value=\"\" size=\"40\" class=\"wpcf7-form-control wpcf7-text wpcf7-email wpcf7-validates-as-required wpcf7-validates-as-email form-control\" aria-required=\"true\" aria-invalid=\"false\" placeholder=\"Direcci\u00f3n de correo *\" \/><\/span><\/div>\n<\/div>\n<div class=\"col-md-6\">\n<div class=\"form-group\"><span class=\"wpcf7-form-control-wrap your-phone\"><input type=\"text\" name=\"your-phone\" value=\"\" size=\"40\" class=\"wpcf7-form-control wpcf7-text wpcf7-validates-as-required form-control\" aria-required=\"true\" aria-invalid=\"false\" placeholder=\"N\u00famero de tel\u00e9fono *\" \/><\/span><\/div>\n<\/div><\/div>\n<div class=\"form-group\"><span class=\"wpcf7-form-control-wrap your-message\"><textarea name=\"your-message\" cols=\"40\" rows=\"4\" class=\"wpcf7-form-control wpcf7-textarea wpcf7-validates-as-required form-control\" aria-required=\"true\" aria-invalid=\"false\" placeholder=\"Mensaje *\"><\/textarea><\/span><\/div>\n<div class=\"form-group\">\n<div class=\"tt-notes text-center\">Este mensaje lo recibir\u00e1 un t\u00e9cnico especialista.<\/div>\n<\/div>\n<div class=\"form-group text-center\"><button class=\"tt-btn btn__color01 wpcf7-form-control wpcf7-submit\" type=\"submit\"><span class=\"icon-lightning\"><\/span>Contactar<\/button><\/div>\n<\/div>\n<div class=\"wpcf7-response-output\" aria-hidden=\"true\"><\/div><\/form><\/div>\t\t\t<\/div>\n\t\t<\/div>\n\t<\/div>\n<\/div> \n\t\t\t\t<\/div>\n\t\t\t\t<\/div>\n\t\t\t\t\t\t<\/div>\n\t\t\t\t\t<\/div>\n\t\t<\/div>\n\t\t\t\t\t\t\t\t<\/div>\n\t\t\t\t\t<\/div>\n\t\t<\/section>\n\t\t\t\t\t\t<\/div>\n\t\t\t\t\t\t<\/div>\n\t\t\t\t\t<\/div>\n\t\t","protected":false},"excerpt":{"rendered":"<p>Direcci\u00f3n: Sant Roc 12 baixos, 08901, L&#8217;Hospitalet de Llobregat Horario laboral: Lun-Vier 08:00 AM &#8211; 18:00 PM N\u00famero de tel\u00e9fono: 649 426 138 933 389 941 Formulario de contacto Ponte en contacto con nosotros Si tienes cualquier duda o quieres que charlemos. Rellena el formulario con los datos correspondientes y nos pondremos en contacto contigo [&hellip;]<\/p>\n","protected":false},"author":1,"featured_media":0,"parent":0,"menu_order":3,"comment_status":"closed","ping_status":"closed","template":"","meta":[],"yoast_head":"<!-- This site is optimized with the Yoast SEO plugin v15.7 - https:\/\/yoast.com\/wordpress\/plugins\/seo\/ -->\n<title>Contacto - Instalaciones El\u00e9ctricas Industriales<\/title>\n<meta name=\"robots\" content=\"index, follow, max-snippet:-1, max-image-preview:large, max-video-preview:-1\" \/>\n<link rel=\"canonical\" href=\"https:\/\/elecroma.com\/es\/contacto\/\" \/>\n<meta property=\"og:locale\" content=\"es_ES\" \/>\n<meta property=\"og:type\" content=\"article\" \/>\n<meta property=\"og:title\" content=\"Contacto - Instalaciones El\u00e9ctricas Industriales\" \/>\n<meta property=\"og:description\" content=\"Direcci\u00f3n: Sant Roc 12 baixos, 08901, L&#8217;Hospitalet de Llobregat Horario laboral: Lun-Vier 08:00 AM &#8211; 18:00 PM N\u00famero de tel\u00e9fono: 649 426 138 933 389 941 Formulario de contacto Ponte en contacto con nosotros Si tienes cualquier duda o quieres que charlemos. Rellena el formulario con los datos correspondientes y nos pondremos en contacto contigo [&hellip;]\" \/>\n<meta property=\"og:url\" content=\"https:\/\/elecroma.com\/es\/contacto\/\" \/>\n<meta property=\"og:site_name\" content=\"Instalaciones El\u00e9ctricas Industriales\" \/>\n<meta property=\"article:modified_time\" content=\"2021-01-27T19:21:01+00:00\" \/>\n<meta name=\"twitter:card\" content=\"summary_large_image\" \/>\n<meta name=\"twitter:label1\" content=\"Tiempo de lectura\">\n\t<meta name=\"twitter:data1\" content=\"1 minuto\">\n<script type=\"application\/ld+json\" class=\"yoast-schema-graph\">{\"@context\":\"https:\/\/schema.org\",\"@graph\":[{\"@type\":\"Organization\",\"@id\":\"https:\/\/elecroma.com\/#organization\",\"name\":\"Electricidad Roma S.L.\",\"url\":\"https:\/\/elecroma.com\/\",\"sameAs\":[],\"logo\":{\"@type\":\"ImageObject\",\"@id\":\"https:\/\/elecroma.com\/#logo\",\"inLanguage\":\"es\",\"url\":\"https:\/\/elecroma.com\/wp-content\/uploads\/2020\/11\/elecroma.jpeg\",\"width\":1126,\"height\":383,\"caption\":\"Electricidad Roma S.L.\"},\"image\":{\"@id\":\"https:\/\/elecroma.com\/#logo\"}},{\"@type\":\"WebSite\",\"@id\":\"https:\/\/elecroma.com\/#website\",\"url\":\"https:\/\/elecroma.com\/\",\"name\":\"Instalaciones El\\u00e9ctricas Industriales\",\"description\":\"Otro sitio realizado con WordPress\",\"publisher\":{\"@id\":\"https:\/\/elecroma.com\/#organization\"},\"potentialAction\":[{\"@type\":\"SearchAction\",\"target\":\"https:\/\/elecroma.com\/?s={search_term_string}\",\"query-input\":\"required name=search_term_string\"}],\"inLanguage\":\"es\"},{\"@type\":\"WebPage\",\"@id\":\"https:\/\/elecroma.com\/es\/contacto\/#webpage\",\"url\":\"https:\/\/elecroma.com\/es\/contacto\/\",\"name\":\"Contacto - Instalaciones El\\u00e9ctricas Industriales\",\"isPartOf\":{\"@id\":\"https:\/\/elecroma.com\/#website\"},\"datePublished\":\"2016-11-12T05:58:27+00:00\",\"dateModified\":\"2021-01-27T19:21:01+00:00\",\"inLanguage\":\"es\",\"potentialAction\":[{\"@type\":\"ReadAction\",\"target\":[\"https:\/\/elecroma.com\/es\/contacto\/\"]}]}]}<\/script>\n<!-- \/ Yoast SEO plugin. -->","_links":{"self":[{"href":"https:\/\/elecroma.com\/es\/wp-json\/wp\/v2\/pages\/14"}],"collection":[{"href":"https:\/\/elecroma.com\/es\/wp-json\/wp\/v2\/pages"}],"about":[{"href":"https:\/\/elecroma.com\/es\/wp-json\/wp\/v2\/types\/page"}],"author":[{"embeddable":true,"href":"https:\/\/elecroma.com\/es\/wp-json\/wp\/v2\/users\/1"}],"replies":[{"embeddable":true,"href":"https:\/\/elecroma.com\/es\/wp-json\/wp\/v2\/comments?post=14"}],"version-history":[{"count":22,"href":"https:\/\/elecroma.com\/es\/wp-json\/wp\/v2\/pages\/14\/revisions"}],"predecessor-version":[{"id":3387,"href":"https:\/\/elecroma.com\/es\/wp-json\/wp\/v2\/pages\/14\/revisions\/3387"}],"wp:attachment":[{"href":"https:\/\/elecroma.com\/es\/wp-json\/wp\/v2\/media?parent=14"}],"curies":[{"name":"wp","href":"https:\/\/api.w.org\/{rel}","templated":true}]}}